{"id":1308,"date":"2022-05-24T09:12:42","date_gmt":"2022-05-24T07:12:42","guid":{"rendered":"https:\/\/www.atexxi.ch\/conseil-consultatif\/"},"modified":"2023-03-03T14:12:24","modified_gmt":"2023-03-03T13:12:24","slug":"conseil-consultatif","status":"publish","type":"page","link":"https:\/\/www.atexxi.ch\/fr\/conseil-consultatif\/","title":{"rendered":"Conseil consultatif"},"content":{"rendered":"<p>[et_pb_section fb_built=\u00a0\u00bb1&Prime; custom_padding_last_edited=\u00a0\u00bbon|phone\u00a0\u00bb admin_label=\u00a0\u00bbHero Section\u00a0\u00bb _builder_version=\u00a0\u00bb4.16&Prime; background_color=\u00a0\u00bb#94c120&Prime; background_image=\u00a0\u00bbhttps:\/\/www.atexxi.ch\/wp-content\/uploads\/2020\/11\/atexxi-logo_green_icon_half.svg\u00a0\u00bb background_size=\u00a0\u00bbcontain\u00a0\u00bb background_position=\u00a0\u00bbcenter_right\u00a0\u00bb custom_padding=\u00a0\u00bb40px|0px|60px|0px||\u00a0\u00bb custom_padding_tablet=\u00a0\u00bb\u00a0\u00bb custom_padding_phone=\u00a0\u00bb70px||70px||false|false\u00a0\u00bb top_divider_height_phone=\u00a0\u00bb20px\u00a0\u00bb top_divider_height_last_edited=\u00a0\u00bboff|tablet\u00a0\u00bb bottom_divider_style=\u00a0\u00bbcurve\u00a0\u00bb bottom_divider_color=\u00a0\u00bb#FFFFFF\u00a0\u00bb bottom_divider_height=\u00a0\u00bb80px\u00a0\u00bb bottom_divider_height_tablet=\u00a0\u00bb60px\u00a0\u00bb bottom_divider_height_phone=\u00a0\u00bb30px\u00a0\u00bb bottom_divider_height_last_edited=\u00a0\u00bbon|tablet\u00a0\u00bb background_last_edited=\u00a0\u00bbon|phone\u00a0\u00bb background_enable_image_phone=\u00a0\u00bboff\u00a0\u00bb collapsed=\u00a0\u00bboff\u00a0\u00bb global_colors_info=\u00a0\u00bb{}\u00a0\u00bb][et_pb_row column_structure=\u00a0\u00bb3_5,2_5&Prime; _builder_version=\u00a0\u00bb4.16&Prime; background_size=\u00a0\u00bbinitial\u00a0\u00bb background_position=\u00a0\u00bbtop_left\u00a0\u00bb background_repeat=\u00a0\u00bbrepeat\u00a0\u00bb global_colors_info=\u00a0\u00bb{}\u00a0\u00bb][et_pb_column type=\u00a0\u00bb3_5&Prime; _builder_version=\u00a0\u00bb4.16&Prime; custom_padding=\u00a0\u00bb||||false|false\u00a0\u00bb global_colors_info=\u00a0\u00bb{}\u00a0\u00bb custom_padding__hover=\u00a0\u00bb|||\u00a0\u00bb][et_pb_text _builder_version=\u00a0\u00bb4.16&Prime; header_2_text_color=\u00a0\u00bb#ffffff\u00a0\u00bb custom_margin=\u00a0\u00bb||5px||false|false\u00a0\u00bb global_colors_info=\u00a0\u00bb{}\u00a0\u00bb]<\/p>\n<h2>atexxi Systems AG<\/h2>\n<p>[\/et_pb_text][et_pb_text _builder_version=\u00a0\u00bb4.16&Prime; text_font=\u00a0\u00bbComfortaa||||||||\u00a0\u00bb text_text_color=\u00a0\u00bb#ffffff\u00a0\u00bb text_line_height=\u00a0\u00bb1.8em\u00a0\u00bb animation_style=\u00a0\u00bbfade\u00a0\u00bb animation_delay=\u00a0\u00bb100ms\u00a0\u00bb global_colors_info=\u00a0\u00bb{}\u00a0\u00bb]<\/p>\n<p><strong>eSyNet <\/strong>est la solution pour la distribution des m\u00e9dicaments dans les h\u00f4pitaux, les homes m\u00e9dicalis\u00e9s et les EMS.<\/p>\n<p>[\/et_pb_text][\/et_pb_column][et_pb_column type=\u00a0\u00bb2_5&Prime; _builder_version=\u00a0\u00bb4.16&Prime; custom_padding=\u00a0\u00bb|||\u00a0\u00bb global_colors_info=\u00a0\u00bb{}\u00a0\u00bb custom_padding__hover=\u00a0\u00bb|||\u00a0\u00bb][\/et_pb_column][\/et_pb_row][\/et_pb_section][et_pb_section fb_built=\u00a0\u00bb1&Prime; admin_label=\u00a0\u00bbBecome a Member Section\u00a0\u00bb _builder_version=\u00a0\u00bb4.16&Prime; background_color=\u00a0\u00bb#ffffff\u00a0\u00bb custom_padding=\u00a0\u00bb50px|0px|68px|0px|false|false\u00a0\u00bb global_colors_info=\u00a0\u00bb{}\u00a0\u00bb][et_pb_row column_structure=\u00a0\u00bb1_2,1_2&Prime; _builder_version=\u00a0\u00bb4.16&Prime; _module_preset=\u00a0\u00bbdefault\u00a0\u00bb custom_css_main_element=\u00a0\u00bbdisplay: flex;||flex-wrap: wrap;\u00a0\u00bb global_colors_info=\u00a0\u00bb{}\u00a0\u00bb][et_pb_column type=\u00a0\u00bb1_2&Prime; _builder_version=\u00a0\u00bb4.16&Prime; _module_preset=\u00a0\u00bbdefault\u00a0\u00bb global_colors_info=\u00a0\u00bb{}\u00a0\u00bb custom_css_main_element_last_edited=\u00a0\u00bbon|tablet\u00a0\u00bb custom_css_main_element_tablet=\u00a0\u00bborder: 2;\u00a0\u00bb custom_css_main_element_phone=\u00a0\u00bborder: 2;\u00a0\u00bb][et_pb_text _builder_version=\u00a0\u00bb4.17.3&Prime; _module_preset=\u00a0\u00bbdefault\u00a0\u00bb animation_style=\u00a0\u00bbbounce\u00a0\u00bb border_width_bottom=\u00a0\u00bb3px\u00a0\u00bb border_color_bottom=\u00a0\u00bb#94C120&Prime; locked=\u00a0\u00bboff\u00a0\u00bb global_colors_info=\u00a0\u00bb{}\u00a0\u00bb]<\/p>\n<h4>Conseil consultatif<\/h4>\n<p>[\/et_pb_text][\/et_pb_column][et_pb_column type=\u00a0\u00bb1_2&Prime; _builder_version=\u00a0\u00bb4.16&Prime; _module_preset=\u00a0\u00bbdefault\u00a0\u00bb global_colors_info=\u00a0\u00bb{}\u00a0\u00bb custom_css_main_element_last_edited=\u00a0\u00bbon|tablet\u00a0\u00bb custom_css_main_element_tablet=\u00a0\u00bborder: 2;\u00a0\u00bb custom_css_main_element_phone=\u00a0\u00bborder: 2;\u00a0\u00bb][\/et_pb_column][\/et_pb_row][et_pb_row column_structure=\u00a0\u00bb3_5,2_5&Prime; _builder_version=\u00a0\u00bb4.16&Prime; _module_preset=\u00a0\u00bbdefault\u00a0\u00bb custom_padding=\u00a0\u00bb8px||8px|||\u00a0\u00bb global_colors_info=\u00a0\u00bb{}\u00a0\u00bb][et_pb_column type=\u00a0\u00bb3_5&Prime; _builder_version=\u00a0\u00bb4.16&Prime; _module_preset=\u00a0\u00bbdefault\u00a0\u00bb global_colors_info=\u00a0\u00bb{}\u00a0\u00bb custom_css_main_element_last_edited=\u00a0\u00bboff|desktop\u00a0\u00bb custom_css_main_element_tablet=\u00a0\u00bborder: 2;\u00a0\u00bb][et_pb_text _builder_version=\u00a0\u00bb4.17.3&Prime; _module_preset=\u00a0\u00bbdefault\u00a0\u00bb custom_margin=\u00a0\u00bb||11px|||\u00a0\u00bb global_colors_info=\u00a0\u00bb{}\u00a0\u00bb]<\/p>\n<p>La direction ainsi que le conseil d&rsquo;administration sont soutenus par un conseil consultatif. Un conseil consultatif correctement constitu\u00e9, comp\u00e9tent et responsable contribue largement au succ\u00e8s de l&rsquo;entreprise et \u00e0 son d\u00e9veloppement durable, dans l&rsquo;esprit d&rsquo;une bonne gouvernance.<\/p>\n<p>De plus, il est le garant du s\u00e9rieux et de la cr\u00e9dibilit\u00e9 de l&rsquo;entreprise, surtout dans la phase de d\u00e9marrage<\/p>\n<p>[\/et_pb_text][\/et_pb_column][et_pb_column type=\u00a0\u00bb2_5&Prime; _builder_version=\u00a0\u00bb4.16&Prime; _module_preset=\u00a0\u00bbdefault\u00a0\u00bb global_colors_info=\u00a0\u00bb{}\u00a0\u00bb][\/et_pb_column][\/et_pb_row][et_pb_row _builder_version=\u00a0\u00bb4.16&Prime; _module_preset=\u00a0\u00bbdefault\u00a0\u00bb custom_padding=\u00a0\u00bb8px||8px|||\u00a0\u00bb global_colors_info=\u00a0\u00bb{}\u00a0\u00bb][et_pb_column type=\u00a0\u00bb4_4&Prime; _builder_version=\u00a0\u00bb4.16&Prime; _module_preset=\u00a0\u00bbdefault\u00a0\u00bb global_colors_info=\u00a0\u00bb{}\u00a0\u00bb custom_css_main_element_last_edited=\u00a0\u00bboff|desktop\u00a0\u00bb custom_css_main_element_tablet=\u00a0\u00bborder: 2;\u00a0\u00bb][et_pb_text _builder_version=\u00a0\u00bb4.17.3&Prime; _module_preset=\u00a0\u00bbdefault\u00a0\u00bb custom_margin=\u00a0\u00bb24px|||||\u00a0\u00bb custom_padding=\u00a0\u00bb0px||0px||false|false\u00a0\u00bb global_colors_info=\u00a0\u00bb{}\u00a0\u00bb]<\/p>\n<p><strong>Actuellement, notre comit\u00e9 consultatif se compose comme suit:<\/strong><\/p>\n<p><strong><\/strong><\/p>\n<p><strong><\/strong><\/p>\n<ul>\n<li><strong>Mme Dr. rer. nat. Annegret Reichwagen<\/strong>, Chefapothekerin Spital Emmental AG<\/li>\n<\/ul>\n<ul>\n<li><strong>Mme Angela Sch\u00e4r-Stieger<\/strong>, Leiterin Pflegedienst &amp; Praxen im Gesundheitszentrum Fricktal AG<\/li>\n<\/ul>\n<ul>\n<li><strong>M. Prof. Dr. Alfred Angerer<\/strong>, ZHAW Management im Gesundheitswesen, Lean und Change Management bei Spit\u00e4lern, Digital Health<\/li>\n<\/ul>\n<ul>\n<li><strong>M. Mike Arreza<\/strong>, COO Klinik Barmelweid AG<\/li>\n<\/ul>\n<ul>\n<li><strong>M. Marco Borsotti, membre de direction ARTISET, pr\u00e9sident Curaviva Suisse, VRP Heime Kriens AG<\/strong><\/li>\n<\/ul>\n<ul>\n<li><strong>M. Dr. Daniel Heller<\/strong>, VRP KS Baden und Barmelweidgruppe AG, Partner Farner Consulting AG<\/li>\n<\/ul>\n<ul>\n<li><strong>M. Dr. pharm Enea Martinelli<\/strong>, Chefapotheker der spit\u00e4ler fmi ag<\/li>\n<\/ul>\n<p>[\/et_pb_text][\/et_pb_column][\/et_pb_row][\/et_pb_section]<\/p>\n","protected":false},"excerpt":{"rendered":"<p>atexxi Systems AGeSyNet est la solution pour la distribution des m\u00e9dicaments dans les h\u00f4pitaux, les homes m\u00e9dicalis\u00e9s et les EMS.Conseil consultatifLa direction ainsi que le conseil d&rsquo;administration sont soutenus par un conseil consultatif. Un conseil consultatif correctement constitu\u00e9, comp\u00e9tent et responsable contribue largement au succ\u00e8s de l&rsquo;entreprise et \u00e0 son d\u00e9veloppement durable, dans l&rsquo;esprit d&rsquo;une bonne gouvernance. De plus, il est le garant du s\u00e9rieux et de la cr\u00e9dibilit\u00e9 de l&rsquo;entreprise, surtout dans la phase de d\u00e9marrageActuellement, notre comit\u00e9 consultatif se compose comme suit: Mme Dr. rer. nat. Annegret Reichwagen, Chefapothekerin Spital Emmental AG Mme Angela Sch\u00e4r-Stieger, Leiterin Pflegedienst &amp; Praxen im Gesundheitszentrum Fricktal AG M. Prof. Dr. Alfred Angerer, ZHAW Management im Gesundheitswesen, Lean und Change Management bei Spit\u00e4lern, Digital Health M. Mike Arreza, COO Klinik Barmelweid AG M. Marco Borsotti, membre de direction ARTISET, pr\u00e9sident Curaviva Suisse, VRP Heime Kriens AG M. Dr. Daniel Heller, VRP KS Baden und Barmelweidgruppe AG, Partner Farner Consulting AG M. Dr. pharm Enea Martinelli, Chefapotheker der spit\u00e4ler fmi ag<\/p>\n","protected":false},"author":1,"featured_media":0,"parent":0,"menu_order":0,"comment_status":"closed","ping_status":"closed","template":"","meta":{"_et_pb_use_builder":"on","_et_pb_old_content":"","_et_gb_content_width":"","footnotes":""},"class_list":["post-1308","page","type-page","status-publish","hentry"],"_links":{"self":[{"href":"https:\/\/www.atexxi.ch\/fr\/wp-json\/wp\/v2\/pages\/1308","targetHints":{"allow":["GET"]}}],"collection":[{"href":"https:\/\/www.atexxi.ch\/fr\/wp-json\/wp\/v2\/pages"}],"about":[{"href":"https:\/\/www.atexxi.ch\/fr\/wp-json\/wp\/v2\/types\/page"}],"author":[{"embeddable":true,"href":"https:\/\/www.atexxi.ch\/fr\/wp-json\/wp\/v2\/users\/1"}],"replies":[{"embeddable":true,"href":"https:\/\/www.atexxi.ch\/fr\/wp-json\/wp\/v2\/comments?post=1308"}],"version-history":[{"count":7,"href":"https:\/\/www.atexxi.ch\/fr\/wp-json\/wp\/v2\/pages\/1308\/revisions"}],"predecessor-version":[{"id":1694,"href":"https:\/\/www.atexxi.ch\/fr\/wp-json\/wp\/v2\/pages\/1308\/revisions\/1694"}],"wp:attachment":[{"href":"https:\/\/www.atexxi.ch\/fr\/wp-json\/wp\/v2\/media?parent=1308"}],"curies":[{"name":"wp","href":"https:\/\/api.w.org\/{rel}","templated":true}]}}